{"id":104,"date":"2017-04-24T09:46:48","date_gmt":"2017-04-24T09:46:48","guid":{"rendered":"https:\/\/pd-libelle.de\/?page_id=104"},"modified":"2025-11-09T08:58:32","modified_gmt":"2025-11-09T08:58:32","slug":"about-us-style-1","status":"publish","type":"page","link":"https:\/\/pd-libelle.de\/?page_id=104","title":{"rendered":"\u00dcber Uns"},"content":{"rendered":"<div class=\"wpb-content-wrapper\"><p>[vc_row][vc_column][vc_empty_space alter_height=&#8220;huge&#8220; hide_on_mobile=&#8220;&#8220; css=&#8220;.vc_custom_1498046619454{margin-top: 0.6rem !important;}&#8220;]<div id=\"sc_title_426558751\"\r\n\t\tclass=\"sc_title color_style_default sc_title_default\"><h3 class=\"sc_item_title sc_title_title sc_align_center sc_item_title_style_default\">Pflegedienst Libelle<\/h3><div class=\"sc_item_descr sc_title_descr sc_align_center\"><p>Der Pflegedienst Libelle steht f\u00fcr menschliche N\u00e4he, Zuverl\u00e4ssigkeit und individuelle Pflege.<br \/>\nMit Herz, Fachwissen und einem starken Team begleiten wir unsere Klientinnen und Klienten in ihrem Alltag \u2013 damit sie in ihrer vertrauten Umgebung sicher, selbstbestimmt und mit W\u00fcrde leben k\u00f6nnen.<\/p>\n<p>Unser Ziel ist es, Menschen in allen Lebenslagen die Unterst\u00fctzung zu geben, die sie brauchen \u2013 ob im Haushalt, bei der K\u00f6rperpflege, medizinischen Versorgung oder in der Alltagsbegleitung.<br \/>\nWir wissen: Jeder Mensch ist anders. Deshalb gestalten wir unsere Pflege immer pers\u00f6nlich, respektvoll und an den individuellen Bed\u00fcrfnissen orientiert.<\/p>\n<p>Unser Team besteht aus erfahrenen, einf\u00fchlsamen Pflegekr\u00e4ften, die mit Leidenschaft bei der Arbeit sind. Wir legen gro\u00dfen Wert auf Vertrauen, offene Kommunikation und eine enge Zusammenarbeit mit Angeh\u00f6rigen, \u00c4rzten und Therapeuten.<br \/>\nDenn nur gemeinsam k\u00f6nnen wir eine Betreuung gew\u00e4hrleisten, die wirklich gut tut.<\/p>\n<p>Der Name \u201eLibelle\u201c steht f\u00fcr Leichtigkeit, Achtsamkeit und Bewegung \u2013 Werte, die auch unsere t\u00e4gliche Arbeit pr\u00e4gen.<br \/>\nWir m\u00f6chten, dass Sie sich mit uns gut aufgehoben f\u00fchlen \u2013 professionell versorgt und menschlich verstanden.<\/p>\n<\/div><\/div><!-- \/.sc_title -->[vc_empty_space alter_height=&#8220;medium&#8220; hide_on_mobile=&#8220;&#8220;][vc_empty_space alter_height=&#8220;small&#8220; hide_on_mobile=&#8220;&#8220; css=&#8220;.vc_custom_1498046757186{margin-top: 0.2rem !important;}&#8220;][vc_empty_space alter_height=&#8220;huge&#8220; hide_on_mobile=&#8220;&#8220; css=&#8220;.vc_custom_1498046773421{margin-top: 0.65rem !important;}&#8220;][\/vc_column][\/vc_row][vc_row][vc_column icons_position=&#8220;left&#8220;][vc_empty_space alter_height=&#8220;medium&#8220; hide_on_mobile=&#8220;&#8220; css=&#8220;.vc_custom_1498049807389{margin-top: 0.5rem !important;}&#8220;][\/vc_column][\/vc_row][vc_row full_width=&#8220;stretch_row&#8220; css=&#8220;.vc_custom_1493289522954{background-image: url(https:\/\/pd-libelle.de\/wp-content\/uploads\/2017\/04\/bg6.jpg?id=331) !important;background-position: center !important;background-repeat: no-repeat !important;background-size: cover !important;}&#8220;][vc_column icons_position=&#8220;left&#8220;][vc_empty_space alter_height=&#8220;huge&#8220; hide_on_mobile=&#8220;&#8220;]<div id=\"sc_title_353588812\"\r\n\t\tclass=\"sc_title color_style_default scheme_dark sc_title_default\"><h3 class=\"sc_item_title sc_title_title sc_align_center sc_item_title_style_default\">Mitarbeiter<\/h3><\/div><!-- \/.sc_title -->[vc_empty_space alter_height=&#8220;medium&#8220; hide_on_mobile=&#8220;&#8220; css=&#8220;.vc_custom_1497968961731{margin-top: 1.3rem !important;}&#8220;]<div class=\"sc_team color_style_default sc_team_default\"><div class=\"sc_team_columns sc_item_columns trx_addons_columns_wrap columns_padding_bottom\"><div class=\"trx_addons_column-1_3\"><div class=\"sc_team_item\">\n\t<div class=\"post_featured with_thumb hover_icon sc_team_item_thumb\"><img loading=\"lazy\" decoding=\"async\" width=\"500\" height=\"500\" src=\"https:\/\/pd-libelle.de\/wp-content\/uploads\/2017\/04\/b2ddad2c-5e8d-4059-a8f1-92e34fc1d918-500x500.png\" class=\"attachment-saveo-thumb-team size-saveo-thumb-team wp-post-image\" alt=\"\" srcset=\"https:\/\/pd-libelle.de\/wp-content\/uploads\/2017\/04\/b2ddad2c-5e8d-4059-a8f1-92e34fc1d918-500x500.png 500w, https:\/\/pd-libelle.de\/wp-content\/uploads\/2017\/04\/b2ddad2c-5e8d-4059-a8f1-92e34fc1d918-300x300.png 300w, https:\/\/pd-libelle.de\/wp-content\/uploads\/2017\/04\/b2ddad2c-5e8d-4059-a8f1-92e34fc1d918-150x150.png 150w, https:\/\/pd-libelle.de\/wp-content\/uploads\/2017\/04\/b2ddad2c-5e8d-4059-a8f1-92e34fc1d918-768x768.png 768w, https:\/\/pd-libelle.de\/wp-content\/uploads\/2017\/04\/b2ddad2c-5e8d-4059-a8f1-92e34fc1d918-370x370.png 370w, https:\/\/pd-libelle.de\/wp-content\/uploads\/2017\/04\/b2ddad2c-5e8d-4059-a8f1-92e34fc1d918-90x90.png 90w, https:\/\/pd-libelle.de\/wp-content\/uploads\/2017\/04\/b2ddad2c-5e8d-4059-a8f1-92e34fc1d918-760x760.png 760w, https:\/\/pd-libelle.de\/wp-content\/uploads\/2017\/04\/b2ddad2c-5e8d-4059-a8f1-92e34fc1d918.png 1024w\" sizes=\"auto, (max-width: 500px) 100vw, 500px\" \/>\t\t\t\t\t\t<div class=\"mask\"><\/div>\n\t\t\t\t\t\t<div class=\"icons\"><a href=\"https:\/\/pd-libelle.de\/?cpt_team=shawna-grant\" aria-hidden=\"true\" class=\"icon-zoom\"><\/a><\/div><\/div>\t<div class=\"sc_team_item_info\">\n\t\t<div class=\"sc_team_item_header\">\n\t\t\t<h4 class=\"sc_team_item_title\"><a href=\"https:\/\/pd-libelle.de\/?cpt_team=shawna-grant\">Miguel Dos Santos<\/a><\/h4>\n\t\t\t<div class=\"sc_team_item_subtitle\">Pflegedienstleitung <br> Exam. Altenpfleger<\/div>\n\t\t<\/div>\n\t\t<div class=\"sc_team_item_socials socials_wrap\"><a target=\"_blank\" href=\"https:\/\/www.instagram.com\/pflegedienstlibelle\/\" class=\"social_item social_item_style_icons social_item_type_icons\" rel=\"noopener\"><span class=\"social_icon social_instagramm\"><span class=\"icon-instagramm\"><\/span><\/span><\/a><\/div>\t\t<div class=\"sc_team_item_button\"><a href=\"https:\/\/pd-libelle.de\/?cpt_team=shawna-grant\" class=\"sc_button sc_button_simple\">Mehr erfahren<\/a><\/div>\n\t<\/div>\n<\/div>\n<\/div><div class=\"trx_addons_column-1_3\"><div class=\"sc_team_item\">\n\t<div class=\"post_featured with_thumb hover_icon sc_team_item_thumb\"><img loading=\"lazy\" decoding=\"async\" width=\"500\" height=\"500\" src=\"https:\/\/pd-libelle.de\/wp-content\/uploads\/2017\/04\/b2ddad2c-5e8d-4059-a8f1-92e34fc1d918-500x500.png\" class=\"attachment-saveo-thumb-team size-saveo-thumb-team wp-post-image\" alt=\"\" srcset=\"https:\/\/pd-libelle.de\/wp-content\/uploads\/2017\/04\/b2ddad2c-5e8d-4059-a8f1-92e34fc1d918-500x500.png 500w, https:\/\/pd-libelle.de\/wp-content\/uploads\/2017\/04\/b2ddad2c-5e8d-4059-a8f1-92e34fc1d918-300x300.png 300w, https:\/\/pd-libelle.de\/wp-content\/uploads\/2017\/04\/b2ddad2c-5e8d-4059-a8f1-92e34fc1d918-150x150.png 150w, https:\/\/pd-libelle.de\/wp-content\/uploads\/2017\/04\/b2ddad2c-5e8d-4059-a8f1-92e34fc1d918-768x768.png 768w, https:\/\/pd-libelle.de\/wp-content\/uploads\/2017\/04\/b2ddad2c-5e8d-4059-a8f1-92e34fc1d918-370x370.png 370w, https:\/\/pd-libelle.de\/wp-content\/uploads\/2017\/04\/b2ddad2c-5e8d-4059-a8f1-92e34fc1d918-90x90.png 90w, https:\/\/pd-libelle.de\/wp-content\/uploads\/2017\/04\/b2ddad2c-5e8d-4059-a8f1-92e34fc1d918-760x760.png 760w, https:\/\/pd-libelle.de\/wp-content\/uploads\/2017\/04\/b2ddad2c-5e8d-4059-a8f1-92e34fc1d918.png 1024w\" sizes=\"auto, (max-width: 500px) 100vw, 500px\" \/>\t\t\t\t\t\t<div class=\"mask\"><\/div>\n\t\t\t\t\t\t<div class=\"icons\"><a href=\"https:\/\/pd-libelle.de\/?cpt_team=gary-newman\" aria-hidden=\"true\" class=\"icon-zoom\"><\/a><\/div><\/div>\t<div class=\"sc_team_item_info\">\n\t\t<div class=\"sc_team_item_header\">\n\t\t\t<h4 class=\"sc_team_item_title\"><a href=\"https:\/\/pd-libelle.de\/?cpt_team=gary-newman\">Samir Ouadih<\/a><\/h4>\n\t\t\t<div class=\"sc_team_item_subtitle\">Stellv. Pflegedienstleitung <br> Exam. Altenpfleger<\/div>\n\t\t<\/div>\n\t\t<div class=\"sc_team_item_socials socials_wrap\"><a target=\"_blank\" href=\"https:\/\/www.instagram.com\/pflegedienstlibelle\/\" class=\"social_item social_item_style_icons social_item_type_icons\" rel=\"noopener\"><span class=\"social_icon social_instagramm\"><span class=\"icon-instagramm\"><\/span><\/span><\/a><\/div>\t\t<div class=\"sc_team_item_button\"><a href=\"https:\/\/pd-libelle.de\/?cpt_team=gary-newman\" class=\"sc_button sc_button_simple\">Mehr erfahren<\/a><\/div>\n\t<\/div>\n<\/div>\n<\/div><div class=\"trx_addons_column-1_3\"><div class=\"sc_team_item\">\n\t<div class=\"post_featured with_thumb hover_icon sc_team_item_thumb\"><img loading=\"lazy\" decoding=\"async\" width=\"500\" height=\"500\" src=\"https:\/\/pd-libelle.de\/wp-content\/uploads\/2017\/04\/b2ddad2c-5e8d-4059-a8f1-92e34fc1d918-500x500.png\" class=\"attachment-saveo-thumb-team size-saveo-thumb-team wp-post-image\" alt=\"\" srcset=\"https:\/\/pd-libelle.de\/wp-content\/uploads\/2017\/04\/b2ddad2c-5e8d-4059-a8f1-92e34fc1d918-500x500.png 500w, https:\/\/pd-libelle.de\/wp-content\/uploads\/2017\/04\/b2ddad2c-5e8d-4059-a8f1-92e34fc1d918-300x300.png 300w, https:\/\/pd-libelle.de\/wp-content\/uploads\/2017\/04\/b2ddad2c-5e8d-4059-a8f1-92e34fc1d918-150x150.png 150w, https:\/\/pd-libelle.de\/wp-content\/uploads\/2017\/04\/b2ddad2c-5e8d-4059-a8f1-92e34fc1d918-768x768.png 768w, https:\/\/pd-libelle.de\/wp-content\/uploads\/2017\/04\/b2ddad2c-5e8d-4059-a8f1-92e34fc1d918-370x370.png 370w, https:\/\/pd-libelle.de\/wp-content\/uploads\/2017\/04\/b2ddad2c-5e8d-4059-a8f1-92e34fc1d918-90x90.png 90w, https:\/\/pd-libelle.de\/wp-content\/uploads\/2017\/04\/b2ddad2c-5e8d-4059-a8f1-92e34fc1d918-760x760.png 760w, https:\/\/pd-libelle.de\/wp-content\/uploads\/2017\/04\/b2ddad2c-5e8d-4059-a8f1-92e34fc1d918.png 1024w\" sizes=\"auto, (max-width: 500px) 100vw, 500px\" \/>\t\t\t\t\t\t<div class=\"mask\"><\/div>\n\t\t\t\t\t\t<div class=\"icons\"><a href=\"https:\/\/pd-libelle.de\/?cpt_team=sarah-jefferson\" aria-hidden=\"true\" class=\"icon-zoom\"><\/a><\/div><\/div>\t<div class=\"sc_team_item_info\">\n\t\t<div class=\"sc_team_item_header\">\n\t\t\t<h4 class=\"sc_team_item_title\"><a href=\"https:\/\/pd-libelle.de\/?cpt_team=sarah-jefferson\">Yassin Angur<\/a><\/h4>\n\t\t\t<div class=\"sc_team_item_subtitle\">Datenschutzbeauftragter<\/div>\n\t\t<\/div>\n\t\t<div class=\"sc_team_item_socials socials_wrap\"><a target=\"_blank\" href=\"https:\/\/www.instagram.com\/pflegedienstlibelle\/\" class=\"social_item social_item_style_icons social_item_type_icons\" rel=\"noopener\"><span class=\"social_icon social_instagramm\"><span class=\"icon-instagramm\"><\/span><\/span><\/a><\/div>\t\t<div class=\"sc_team_item_button\"><a href=\"https:\/\/pd-libelle.de\/?cpt_team=sarah-jefferson\" class=\"sc_button sc_button_simple\">Mehr erfahren<\/a><\/div>\n\t<\/div>\n<\/div>\n<\/div><\/div><\/div><!-- \/.sc_team -->[vc_empty_space alter_height=&#8220;medium&#8220; hide_on_mobile=&#8220;&#8220;][vc_empty_space alter_height=&#8220;huge&#8220; hide_on_mobile=&#8220;&#8220;][\/vc_column][\/vc_row]<\/p>\n<\/div>","protected":false},"excerpt":{"rendered":"<p>[vc_row][vc_column][vc_empty_space alter_height=&#8220;huge&#8220; hide_on_mobile=&#8220;&#8220; css=&#8220;.vc_custom_1498046619454{margin-top: 0.6rem !important;}&#8220;][vc_empty_space alter_height=&#8220;medium&#8220; hide_on_mobile=&#8220;&#8220;][vc_empty_space alter_height=&#8220;small&#8220; hide_on_mobile=&#8220;&#8220; css=&#8220;.vc_custom_1498046757186{margin-top: 0.2rem !important;}&#8220;][vc_empty_space alter_height=&#8220;huge&#8220; hide_on_mobile=&#8220;&#8220; css=&#8220;.vc_custom_1498046773421{margin-top: 0.65rem !important;}&#8220;][\/vc_column][\/vc_row][vc_row][vc_column icons_position=&#8220;left&#8220;][vc_empty_space alter_height=&#8220;medium&#8220; hide_on_mobile=&#8220;&#8220; css=&#8220;.vc_custom_1498049807389{margin-top: 0.5rem !important;}&#8220;][\/vc_column][\/vc_row][vc_row full_width=&#8220;stretch_row&#8220; css=&#8220;.vc_custom_1493289522954{background-image: url(https:\/\/pd-libelle.de\/wp-content\/uploads\/2017\/04\/bg6.jpg?id=331) !important;background-position: center !important;background-repeat: no-repeat !important;background-size: cover !important;}&#8220;][vc_column icons_position=&#8220;left&#8220;][vc_empty_space alter_height=&#8220;huge&#8220; hide_on_mobile=&#8220;&#8220;][vc_empty_space alter_height=&#8220;medium&#8220; hide_on_mobile=&#8220;&#8220; css=&#8220;.vc_custom_1497968961731{margin-top: 1.3rem !important;}&#8220;][vc_empty_space alter_height=&#8220;medium&#8220; hide_on_mobile=&#8220;&#8220;][vc_empty_space alter_height=&#8220;huge&#8220; hide_on_mobile=&#8220;&#8220;][\/vc_column][\/vc_row]<\/p>\n","protected":false},"author":1,"featured_media":0,"parent":0,"menu_order":0,"comment_status":"closed","ping_status":"closed","template":"","meta":{"pagelayer_contact_templates":[],"_pagelayer_content":"","footnotes":""},"class_list":["post-104","page","type-page","status-publish","hentry"],"_links":{"self":[{"href":"https:\/\/pd-libelle.de\/index.php?rest_route=\/wp\/v2\/pages\/104","targetHints":{"allow":["GET"]}}],"collection":[{"href":"https:\/\/pd-libelle.de\/index.php?rest_route=\/wp\/v2\/pages"}],"about":[{"href":"https:\/\/pd-libelle.de\/index.php?rest_route=\/wp\/v2\/types\/page"}],"author":[{"embeddable":true,"href":"https:\/\/pd-libelle.de\/index.php?rest_route=\/wp\/v2\/users\/1"}],"replies":[{"embeddable":true,"href":"https:\/\/pd-libelle.de\/index.php?rest_route=%2Fwp%2Fv2%2Fcomments&post=104"}],"version-history":[{"count":9,"href":"https:\/\/pd-libelle.de\/index.php?rest_route=\/wp\/v2\/pages\/104\/revisions"}],"predecessor-version":[{"id":1179,"href":"https:\/\/pd-libelle.de\/index.php?rest_route=\/wp\/v2\/pages\/104\/revisions\/1179"}],"wp:attachment":[{"href":"https:\/\/pd-libelle.de\/index.php?rest_route=%2Fwp%2Fv2%2Fmedia&parent=104"}],"curies":[{"name":"wp","href":"https:\/\/api.w.org\/{rel}","templated":true}]}}